{"id":90,"date":"2025-02-18T12:38:16","date_gmt":"2025-02-18T11:38:16","guid":{"rendered":"https:\/\/lacrosseminers.cz\/?page_id=90"},"modified":"2026-04-12T17:49:35","modified_gmt":"2026-04-12T15:49:35","slug":"pripravka","status":"publish","type":"page","link":"https:\/\/lacrosseminers.cz\/index.php\/pripravka\/","title":{"rendered":"P\u0159\u00edpravka 4 &#8211; 7 let"},"content":{"rendered":"\n<p><strong>Lakrosov\u00fd odd\u00edl Miners v J\u00edlov\u00e9m u Prahy<\/strong> vede d\u011bti ke sportu u\u017e od 4 let.<\/p>\n\n\n\n<p>Na tr\u00e9ninc\u00edch se u\u010d\u00ed b\u011bhat, sk\u00e1kat, spolupracovat v t\u00fdmu a hraj\u00ed z\u00e1bavn\u00e9 hry. V\u011b\u0159\u00edme, \u017ee v\u0161estrannost je to nejd\u016fle\u017eit\u011bj\u0161\u00ed. <\/p>\n\n\n\n<p>Nechyb\u00ed ani prvn\u00ed sezn\u00e1men\u00ed s lakroskou.<\/p>\n\n\n\n<p>P\u0159\u00edpravka (4\u20137 let) vych\u00e1z\u00ed ze sokolsk\u00fdch tradic \u2013 d\u011bti zkou\u0161\u00ed r\u016fzn\u00e9 sporty, objevuj\u00ed, co je bav\u00ed, a prov\u00e1z\u00ed je n\u00e1\u0161 maskot mlo\u010dek Fl\u00ed\u010dek.<\/p>\n\n\n\n<p>Tr\u00e9ninky prob\u00edhaj\u00ed bez rodi\u010d\u016f, aby se d\u011bti u\u010dily samostatnosti.<\/p>\n\n\n\n<p>Budeme r\u00e1di, kdy\u017e se d\u011bti ve v\u011bku 6-7 let posunou na<a href=\"https:\/\/lacrosseminers.cz\/\" data-type=\"link\" data-id=\"https:\/\/lacrosseminers.cz\/\" target=\"_blank\" rel=\"noreferrer noopener\"> tr\u00e9ninky lakrosu<\/a>.<\/p>\n\n\n\n<figure class=\"wp-block-image size-full is-resized\"><img loading=\"lazy\" decoding=\"async\" width=\"1024\" height=\"633\" src=\"https:\/\/lacrosseminers.cz\/wp-content\/uploads\/2025\/02\/Navrh-bez-nazvu.jpg\" alt=\"\" class=\"wp-image-101\" style=\"width:602px;height:auto\" srcset=\"https:\/\/lacrosseminers.cz\/wp-content\/uploads\/2025\/02\/Navrh-bez-nazvu.jpg 1024w, https:\/\/lacrosseminers.cz\/wp-content\/uploads\/2025\/02\/Navrh-bez-nazvu-300x185.jpg 300w, https:\/\/lacrosseminers.cz\/wp-content\/uploads\/2025\/02\/Navrh-bez-nazvu-768x475.jpg 768w\" sizes=\"auto, (max-width: 1024px) 100vw, 1024px\" \/><\/figure>\n\n\n\n<p class=\"has-luminous-vivid-amber-background-color has-background\"><strong>KDY A KDE TR\u00c9NUJEME<\/strong><\/p>\n\n\n\n<p>Sportovn\u00ed sez\u00f3na prob\u00edh\u00e1 stejn\u011b jako \u0161koln\u00ed rok v obdob\u00ed z\u00e1\u0159\u00ed &#8211; \u010derven.<\/p>\n\n\n\n<p>Tr\u00e9nujeme co nejv\u00edce venku:<\/p>\n\n\n\n<p><strong>den: <\/strong>st\u0159eda<\/p>\n\n\n\n<p><strong>\u010das<\/strong>: 16:30 \u2013 17:45 hod.<\/p>\n\n\n\n<p><strong>m\u00edsto: <\/strong>venkovn\u00ed h\u0159i\u0161t\u011b u Z\u0160 J\u00edlov\u00e9 u Prahy (Komensk\u00e9ho 365).<\/p>\n\n\n\n<p><strong>zima:<\/strong> dle aktu\u00e1ln\u00ed p\u0159edpov\u011bdi po\u010das\u00ed up\u0159esn\u00edme, kdy se p\u0159esouv\u00e1me do t\u011blocvi\u010dny. Budeme tr\u00e9novat ve stejn\u00fd den a \u010das v t\u011blocvi\u010dn\u011b SO\u0160 a SOU J\u00edlov\u00e9 u Prahy (\u0160enflukova 220).&nbsp;<\/p>\n\n\n\n<p class=\"has-luminous-vivid-amber-background-color has-background\"><strong>CENA<\/strong><\/p>\n\n\n\n<ul class=\"wp-block-list\">\n<li><strong>2 100 K\u010d<\/strong> \/ pololet\u00ed \u00fanor &#8211; \u010derven 2026<\/li>\n\n\n\n<li>bankovn\u00ed \u00fa\u010det: <strong>2702820782\/2010<\/strong><\/li>\n\n\n\n<li>VS: <strong>022026<\/strong>, do pozn\u00e1mky uve\u010fte jm\u00e9no d\u00edt\u011bte, za kter\u00e9ho je platba placena<\/li>\n<\/ul>\n\n\n\n<p class=\"has-luminous-vivid-amber-background-color has-background\"><strong><strong>P\u0158IHL\u00c1\u0160EN\u00cd DO ODD\u00cdLU<\/strong><\/strong><\/p>\n\n\n\n<ol class=\"wp-block-list\">\n<li><a href=\"https:\/\/bit.ly\/PrihlaskaPripravka\" data-type=\"link\" data-id=\"https:\/\/bit.ly\/PrihlaskaPripravka\" target=\"_blank\" rel=\"noreferrer noopener\">vypl\u0148te <strong>on-line p\u0159ihl\u00e1\u0161ku<\/strong><\/a> do p\u0159\u00edpravky<\/li>\n\n\n\n<li>zapla\u0165te pros\u00edm cenu<strong> 2 100 K\u010d<\/strong> za pololet\u00ed<\/li>\n\n\n\n<li>komunikace bude prob\u00edhat ve <strong>WhatsApp skupin\u011b rodi\u010d\u016f,<\/strong> kde se dozv\u00edte v\u0161echny informace o tr\u00e9ninc\u00edch. Va\u0161e telefonn\u00ed \u010d\u00edsla budou p\u0159id\u00e1na po registraci do odd\u00edlu.<\/li>\n<\/ol>\n\n\n\n<p class=\"has-luminous-vivid-amber-background-color has-background\"><strong><strong><strong>S SEBOU NA TR\u00c9NINK<\/strong><\/strong><\/strong><\/p>\n\n\n\n<ul class=\"wp-block-list\">\n<li><strong>Oble\u010den\u00ed a obuv:<\/strong> podle po\u010das\u00ed. V tepl\u00fdch dnech doporu\u010dujeme k\u0161iltovku a opalovac\u00ed kr\u00e9m. V chladn\u011bj\u0161\u00edm po\u010das\u00ed je nejlep\u0161\u00ed vrstvit oble\u010den\u00ed \u2013 d\u011bti si ho mohou podle pot\u0159eby sundat nebo zase obl\u00e9ct.<\/li>\n\n\n\n<li><strong>Pit\u00ed:<\/strong> l\u00e1hev s vodou.<\/li>\n\n\n\n<li><strong>Sva\u010dinka:<\/strong> ide\u00e1ln\u011b ban\u00e1n nebo jin\u00e1 lehk\u00e1 energetick\u00e1 sva\u010dina cca 20 minut p\u0159ed tr\u00e9ninkem, aby m\u011bly d\u011bti dostatek energie.<\/li>\n<\/ul>\n\n\n\n<p class=\"has-luminous-vivid-amber-background-color has-background\"><strong><strong><strong>TREN\u00c9RKY<\/strong><\/strong><\/strong><\/p>\n\n\n\n<ul class=\"wp-block-list\">\n<li><strong>Hlavn\u00ed tren\u00e9rka:<\/strong> Kate\u0159ina \u0160v\u00e1bov\u00e1, <a href=\"mailto:lakrosovapripravka@email.cz\">lakrosovapripravka@email.cz<\/a>, +420 603 117 587<\/li>\n\n\n\n<li><strong>Asistent tren\u00e9rky: <\/strong>Daniela Pe\u0161kov\u00e1, Kate\u0159ina Tondlov\u00e1<\/li>\n\n\n\n<li><strong>Vedouc\u00ed odd\u00edlu: <\/strong>Anna Votrubcov\u00e1<\/li>\n<\/ul>\n\n\n\n<figure class=\"wp-block-image size-full is-resized\"><img loading=\"lazy\" decoding=\"async\" width=\"654\" height=\"499\" src=\"https:\/\/lacrosseminers.cz\/wp-content\/uploads\/2025\/02\/Navrh-bez-nazvu-1.jpg\" alt=\"\" class=\"wp-image-103\" style=\"width:440px;height:auto\" srcset=\"https:\/\/lacrosseminers.cz\/wp-content\/uploads\/2025\/02\/Navrh-bez-nazvu-1.jpg 654w, https:\/\/lacrosseminers.cz\/wp-content\/uploads\/2025\/02\/Navrh-bez-nazvu-1-300x229.jpg 300w\" sizes=\"auto, (max-width: 654px) 100vw, 654px\" \/><\/figure>\n","protected":false},"excerpt":{"rendered":"<p>Lakrosov\u00fd odd\u00edl Miners v J\u00edlov\u00e9m u Prahy vede d\u011bti ke sportu u\u017e od 4 let. Na tr\u00e9ninc\u00edch se u\u010d\u00ed b\u011bhat, sk\u00e1kat, spolupracovat v t\u00fdmu a hraj\u00ed z\u00e1bavn\u00e9 hry. V\u011b\u0159\u00edme, \u017ee v\u0161estrannost je to nejd\u016fle\u017eit\u011bj\u0161\u00ed. Nechyb\u00ed ani prvn\u00ed sezn\u00e1men\u00ed s lakroskou. P\u0159\u00edpravka (4\u20137 let) vych\u00e1z\u00ed ze sokolsk\u00fdch tradic \u2013 d\u011bti zkou\u0161\u00ed r\u016fzn\u00e9 sporty, objevuj\u00ed, co je [&hellip;]<\/p>\n","protected":false},"author":2,"featured_media":0,"parent":0,"menu_order":0,"comment_status":"closed","ping_status":"closed","template":"","meta":{"footnotes":""},"class_list":["post-90","page","type-page","status-publish","hentry"],"_links":{"self":[{"href":"https:\/\/lacrosseminers.cz\/index.php\/wp-json\/wp\/v2\/pages\/90","targetHints":{"allow":["GET"]}}],"collection":[{"href":"https:\/\/lacrosseminers.cz\/index.php\/wp-json\/wp\/v2\/pages"}],"about":[{"href":"https:\/\/lacrosseminers.cz\/index.php\/wp-json\/wp\/v2\/types\/page"}],"author":[{"embeddable":true,"href":"https:\/\/lacrosseminers.cz\/index.php\/wp-json\/wp\/v2\/users\/2"}],"replies":[{"embeddable":true,"href":"https:\/\/lacrosseminers.cz\/index.php\/wp-json\/wp\/v2\/comments?post=90"}],"version-history":[{"count":18,"href":"https:\/\/lacrosseminers.cz\/index.php\/wp-json\/wp\/v2\/pages\/90\/revisions"}],"predecessor-version":[{"id":208,"href":"https:\/\/lacrosseminers.cz\/index.php\/wp-json\/wp\/v2\/pages\/90\/revisions\/208"}],"wp:attachment":[{"href":"https:\/\/lacrosseminers.cz\/index.php\/wp-json\/wp\/v2\/media?parent=90"}],"curies":[{"name":"wp","href":"https:\/\/api.w.org\/{rel}","templated":true}]}}