{"id":66,"date":"2024-05-25T21:29:17","date_gmt":"2024-05-25T19:29:17","guid":{"rendered":"https:\/\/lacrosseminers.cz\/?page_id=66"},"modified":"2025-09-26T15:34:49","modified_gmt":"2025-09-26T13:34:49","slug":"kontakt","status":"publish","type":"page","link":"https:\/\/lacrosseminers.cz\/index.php\/kontakt\/","title":{"rendered":"Kontakt"},"content":{"rendered":"\n<div class=\"wp-block-group is-layout-constrained wp-block-group-is-layout-constrained\">\n<p class=\"has-text-align-center\"><strong><mark style=\"background-color:#fcb900\" class=\"has-inline-color\">Anna Votrubcov\u00e1<\/mark><\/strong><\/p>\n\n\n\n<p class=\"has-text-align-center\"><strong><mark style=\"background-color:#fcb900\" class=\"has-inline-color has-foreground-color\">Lacrosse spirit, z. s.<\/mark><\/strong><\/p>\n\n\n\n<p class=\"has-text-align-center\">\u0160enflukova 593<\/p>\n\n\n\n<p class=\"has-text-align-center\">254 01 J\u00edlov\u00e9 u Prahy<\/p>\n\n\n\n<p class=\"has-text-align-center\"><strong>I\u010c<\/strong>: 212 36 691<\/p>\n\n\n\n<p class=\"has-text-align-center\"><strong>\u010d\u00edslo \u00fa\u010dtu<\/strong>: 2702820782\/2010<\/p>\n\n\n\n<p class=\"has-text-align-center\"><strong>Telefon: <\/strong>+420 723 584 278<\/p>\n\n\n\n<p class=\"has-text-align-center\"><strong>E-mail:<\/strong> <a href=\"mailto:lacrossespirit@email.cz\" target=\"_blank\" rel=\"noreferrer noopener\">lacrossespirit@email.cz<\/a><\/p>\n\n\n\n<figure class=\"wp-block-image size-full\"><img loading=\"lazy\" decoding=\"async\" width=\"1024\" height=\"683\" src=\"https:\/\/lacrosseminers.cz\/wp-content\/uploads\/2025\/09\/Navrh-bez-nazvu.jpg\" alt=\"\" class=\"wp-image-189\" srcset=\"https:\/\/lacrosseminers.cz\/wp-content\/uploads\/2025\/09\/Navrh-bez-nazvu.jpg 1024w, https:\/\/lacrosseminers.cz\/wp-content\/uploads\/2025\/09\/Navrh-bez-nazvu-300x200.jpg 300w, https:\/\/lacrosseminers.cz\/wp-content\/uploads\/2025\/09\/Navrh-bez-nazvu-768x512.jpg 768w\" sizes=\"auto, (max-width: 1024px) 100vw, 1024px\" \/><\/figure>\n<\/div>\n","protected":false},"excerpt":{"rendered":"<p>Anna Votrubcov\u00e1 Lacrosse spirit, z. s. \u0160enflukova 593 254 01 J\u00edlov\u00e9 u Prahy I\u010c: 212 36 691 \u010d\u00edslo \u00fa\u010dtu: 2702820782\/2010 Telefon: +420 723 584 278 E-mail: lacrossespirit@email.cz<\/p>\n","protected":false},"author":1,"featured_media":0,"parent":0,"menu_order":0,"comment_status":"closed","ping_status":"closed","template":"","meta":{"footnotes":""},"class_list":["post-66","page","type-page","status-publish","hentry"],"_links":{"self":[{"href":"https:\/\/lacrosseminers.cz\/index.php\/wp-json\/wp\/v2\/pages\/66","targetHints":{"allow":["GET"]}}],"collection":[{"href":"https:\/\/lacrosseminers.cz\/index.php\/wp-json\/wp\/v2\/pages"}],"about":[{"href":"https:\/\/lacrosseminers.cz\/index.php\/wp-json\/wp\/v2\/types\/page"}],"author":[{"embeddable":true,"href":"https:\/\/lacrosseminers.cz\/index.php\/wp-json\/wp\/v2\/users\/1"}],"replies":[{"embeddable":true,"href":"https:\/\/lacrosseminers.cz\/index.php\/wp-json\/wp\/v2\/comments?post=66"}],"version-history":[{"count":4,"href":"https:\/\/lacrosseminers.cz\/index.php\/wp-json\/wp\/v2\/pages\/66\/revisions"}],"predecessor-version":[{"id":191,"href":"https:\/\/lacrosseminers.cz\/index.php\/wp-json\/wp\/v2\/pages\/66\/revisions\/191"}],"wp:attachment":[{"href":"https:\/\/lacrosseminers.cz\/index.php\/wp-json\/wp\/v2\/media?parent=66"}],"curies":[{"name":"wp","href":"https:\/\/api.w.org\/{rel}","templated":true}]}}