{"id":19,"date":"2024-04-26T11:55:36","date_gmt":"2024-04-26T09:55:36","guid":{"rendered":"https:\/\/lacrosseminers.cz\/?page_id=19"},"modified":"2025-09-26T15:14:55","modified_gmt":"2025-09-26T13:14:55","slug":"treneri","status":"publish","type":"page","link":"https:\/\/lacrosseminers.cz\/index.php\/treneri\/","title":{"rendered":"Tren\u00e9\u0159i"},"content":{"rendered":"\n<p>O va\u0161e sportovce se postaraj\u00ed zku\u0161en\u00ed tren\u00e9\u0159i. Zde si m\u016f\u017eete o nich p\u0159e\u010d\u00edst p\u00e1r slov.<\/p>\n\n\n\n<p class=\"has-luminous-vivid-amber-background-color has-background\"><strong>ANNA VOTRUBCOV\u00c1<\/strong><\/p>\n\n\n\n<p><strong><strong>Vedouc\u00ed odd\u00edlu<\/strong><\/strong>, <strong><strong>hlavn\u00ed tren\u00e9rka d\u00edvek<\/strong><\/strong><\/p>\n\n\n\n<p>Ani\u010dka se za\u010dala lakrosu v\u011bnovat v roce 1998 v Radot\u00edn\u011b. Hr\u00e1la v \u017eensk\u00e9 lakrosov\u00e9 reprezentaci, na mistrovstv\u00ed sv\u011bta do 19 let v roce 2007 byla kapit\u00e1nkou t\u00fdmu a z\u00edskala ocen\u011bn\u00ed <strong>\u201eSrdce lakrosu\u201c<\/strong>. \u00da\u010dastnila se st\u00e1\u017ee v USA a tren\u00e9rsk\u00e9 zku\u0161enosti sb\u00edrala v Nizozem\u00ed, Belgii, \u0160v\u00e9dsku, Slovensku a Polsku. Teoretick\u00e9 znalosti z\u00edskala v kurzech FTVS, US Lacrosse a \u010cesk\u00e9 obce sokolsk\u00e9. V roce 2016 byla nominov\u00e1na mezi <strong>10 nejlep\u0161\u00edch tren\u00e9r\u016f<\/strong> v sout\u011b\u017ei <em><a href=\"https:\/\/drive.google.com\/file\/d\/1M8KzLEiq3xu81ueFZLSoz9FGu6xpXD6w\/view?usp=sharing\" data-type=\"link\" data-id=\"https:\/\/drive.google.com\/file\/d\/1M8KzLEiq3xu81ueFZLSoz9FGu6xpXD6w\/view?usp=sharing\" target=\"_blank\" rel=\"noreferrer noopener\">D\u00edky, tren\u00e9re!<\/a><\/em><\/p>\n\n\n\n<p>V roce 2013 zalo\u017eila odd\u00edl lakrosu <strong>Sokol Zbraslav<\/strong>, kter\u00fd se dodnes roz\u0161i\u0159uje a sdru\u017euje hr\u00e1\u010de od 4 let a\u017e po dosp\u011bl\u00e9. V roce 2024 roz\u0161\u00ed\u0159ila lakros i do <strong>J\u00edlov\u00e9ho u Prahy<\/strong>, kde v\u011b\u0159\u00ed, \u017ee se j\u00ed poda\u0159\u00ed vybudovat silnou z\u00e1kladnu hr\u00e1\u010d\u016f a zapojit m\u00edstn\u00ed komunitu.<\/p>\n\n\n\n<p class=\"has-luminous-vivid-amber-background-color has-background\"><strong><strong>KATE\u0158INA \u0160V\u00c1BOV\u00c1<\/strong><\/strong><\/p>\n\n\n\n<p><strong>Hlavn\u00ed<\/strong> <strong>tren\u00e9rka p\u0159\u00edpravky<\/strong>, <strong>asistent tren\u00e9rka d\u00edvek<\/strong><\/p>\n\n\n\n<p>Katka vyr\u016fstala od mali\u010dka ve sportovn\u00edm prost\u0159ed\u00ed a k lakrosu se dostala p\u0159es n\u011bkolik dal\u0161\u00edch sport\u016f. T\u0159i roky z\u00e1vodn\u011b hr\u00e1la tenis za <strong>Tatran St\u0159e\u0161ovice<\/strong>, pot\u00e9 se v\u011bnovala h\u00e1zen\u00e9 \u2013 dva roky v <strong>Tatranu St\u0159e\u0161ovice<\/strong> a dal\u0161\u00ed dva roky v <strong>DHC Slavia Praha<\/strong>.<\/p>\n\n\n\n<p>M\u00e1 zku\u0161enosti s prac\u00ed s d\u011btmi \u2013 p\u016fsobila jako vedouc\u00ed d\u011btsk\u00e9ho odd\u00edlu a tren\u00e9rka d\u011btsk\u00e9ho lakrosov\u00e9ho t\u00fdmu.<\/p>\n\n\n\n<p>V posledn\u00edch letech se zam\u011b\u0159uje na p\u0159ed\u00e1v\u00e1n\u00ed sv\u00fdch sportovn\u00edch zku\u0161enost\u00ed a p\u0159edev\u0161\u00edm na sd\u00edlen\u00ed <strong>radosti z pohybu<\/strong>.<\/p>\n\n\n\n<p class=\"has-luminous-vivid-amber-background-color has-background\"><strong><strong><strong>LUK\u00c1\u0160 VOTRUBEC<\/strong><\/strong><\/strong><\/p>\n\n\n\n<p><strong>Hlavn\u00ed tren\u00e9r chlapc\u016f<\/strong><\/p>\n\n\n\n<p>Luk\u00e1\u0161 se od d\u011btstv\u00ed v\u011bnoval sportu na z\u00e1vodn\u00ed \u00farovni, za\u010d\u00ednal v basketbalov\u00e9m odd\u00edle, kde p\u016fsobil a\u017e do ml\u00e1de\u017enick\u00e9 kategorie.<\/p>\n\n\n\n<p>K lakrosu se dostal v roce 2016 v odd\u00edle <strong>Sokol Zbraslav<\/strong>, kde pom\u00e1hal na tr\u00e9ninc\u00edch nejmlad\u0161\u00ed p\u0159\u00edpravky, \u017e\u00e1k\u016f a tak\u00e9 na soust\u0159ed\u011bn\u00edch. Aktivn\u011b se zapojil i do hran\u00ed seniorsk\u00e9 <strong>II. boxlakrosov\u00e9 ligy<\/strong>.<\/p>\n\n\n\n<p>Sport a zdrav\u00fd, aktivn\u00ed \u017eivotn\u00ed styl jsou jeho dlouhodobou v\u00e1\u0161n\u00ed.<\/p>\n\n\n\n<p><\/p>\n\n\n\n<p><strong><mark style=\"background-color:#fcb900\" class=\"has-inline-color\">Dal\u0161\u00edmi tren\u00e9ry v odd\u00edle jsou David C\u00edsa\u0159, Petr Stan\u011bk, Martin Kopeck\u00fd.<\/mark><\/strong><\/p>\n\n\n\n<figure class=\"wp-block-image size-large\"><img loading=\"lazy\" decoding=\"async\" width=\"1024\" height=\"256\" src=\"https:\/\/lacrosseminers.cz\/wp-content\/uploads\/2025\/09\/kolaz-na-web-vybaveni-2-1024x256.jpg\" alt=\"\" class=\"wp-image-177\" srcset=\"https:\/\/lacrosseminers.cz\/wp-content\/uploads\/2025\/09\/kolaz-na-web-vybaveni-2-1024x256.jpg 1024w, https:\/\/lacrosseminers.cz\/wp-content\/uploads\/2025\/09\/kolaz-na-web-vybaveni-2-300x75.jpg 300w, https:\/\/lacrosseminers.cz\/wp-content\/uploads\/2025\/09\/kolaz-na-web-vybaveni-2-768x192.jpg 768w, https:\/\/lacrosseminers.cz\/wp-content\/uploads\/2025\/09\/kolaz-na-web-vybaveni-2-1536x384.jpg 1536w, https:\/\/lacrosseminers.cz\/wp-content\/uploads\/2025\/09\/kolaz-na-web-vybaveni-2.jpg 1920w\" sizes=\"auto, (max-width: 1024px) 100vw, 1024px\" \/><\/figure>\n","protected":false},"excerpt":{"rendered":"<p>O va\u0161e sportovce se postaraj\u00ed zku\u0161en\u00ed tren\u00e9\u0159i. Zde si m\u016f\u017eete o nich p\u0159e\u010d\u00edst p\u00e1r slov. ANNA VOTRUBCOV\u00c1 Vedouc\u00ed odd\u00edlu, hlavn\u00ed tren\u00e9rka d\u00edvek Ani\u010dka se za\u010dala lakrosu v\u011bnovat v roce 1998 v Radot\u00edn\u011b. Hr\u00e1la v \u017eensk\u00e9 lakrosov\u00e9 reprezentaci, na mistrovstv\u00ed sv\u011bta do 19 let v roce 2007 byla kapit\u00e1nkou t\u00fdmu a z\u00edskala ocen\u011bn\u00ed \u201eSrdce lakrosu\u201c. \u00da\u010dastnila [&hellip;]<\/p>\n","protected":false},"author":2,"featured_media":0,"parent":0,"menu_order":0,"comment_status":"closed","ping_status":"closed","template":"","meta":{"footnotes":""},"class_list":["post-19","page","type-page","status-publish","hentry"],"_links":{"self":[{"href":"https:\/\/lacrosseminers.cz\/index.php\/wp-json\/wp\/v2\/pages\/19","targetHints":{"allow":["GET"]}}],"collection":[{"href":"https:\/\/lacrosseminers.cz\/index.php\/wp-json\/wp\/v2\/pages"}],"about":[{"href":"https:\/\/lacrosseminers.cz\/index.php\/wp-json\/wp\/v2\/types\/page"}],"author":[{"embeddable":true,"href":"https:\/\/lacrosseminers.cz\/index.php\/wp-json\/wp\/v2\/users\/2"}],"replies":[{"embeddable":true,"href":"https:\/\/lacrosseminers.cz\/index.php\/wp-json\/wp\/v2\/comments?post=19"}],"version-history":[{"count":16,"href":"https:\/\/lacrosseminers.cz\/index.php\/wp-json\/wp\/v2\/pages\/19\/revisions"}],"predecessor-version":[{"id":181,"href":"https:\/\/lacrosseminers.cz\/index.php\/wp-json\/wp\/v2\/pages\/19\/revisions\/181"}],"wp:attachment":[{"href":"https:\/\/lacrosseminers.cz\/index.php\/wp-json\/wp\/v2\/media?parent=19"}],"curies":[{"name":"wp","href":"https:\/\/api.w.org\/{rel}","templated":true}]}}