{"id":126,"date":"2025-02-24T11:59:11","date_gmt":"2025-02-24T10:59:11","guid":{"rendered":"https:\/\/lacrosseminers.cz\/?page_id=126"},"modified":"2025-02-24T12:08:41","modified_gmt":"2025-02-24T11:08:41","slug":"nabidka-pro-partnery","status":"publish","type":"page","link":"https:\/\/lacrosseminers.cz\/index.php\/nabidka-pro-partnery\/","title":{"rendered":"Nab\u00eddka pro partnery"},"content":{"rendered":"\n<p>V n\u00e1sleduj\u00edc\u00ed prezentaci bychom v\u00e1m r\u00e1di p\u0159edstavili n\u00e1\u0161 lakrosov\u00fd odd\u00edl, jak\u00e9 m\u00e1me pl\u00e1ny na tento rok a jak bychom s potenci\u00e1ln\u00edmi partnery mohli nav\u00e1zat spolupr\u00e1ci.<\/p>\n\n\n\n<p>V p\u0159\u00edpad\u011b dotaz\u016f n\u00e1s nev\u00e1hejte <a href=\"https:\/\/lacrosseminers.cz\/index.php\/kontakt\/\" data-type=\"link\" data-id=\"https:\/\/lacrosseminers.cz\/index.php\/kontakt\/\">kontaktovat<\/a>.<\/p>\n\n\n\n<figure class=\"wp-block-image size-large is-resized\"><a href=\"https:\/\/drive.google.com\/file\/d\/1Kw9qq_hgUzDHzZ2ZB0WaQkvaDww7lYzN\/view?usp=sharing\"><img loading=\"lazy\" decoding=\"async\" width=\"724\" height=\"1024\" src=\"https:\/\/lacrosseminers.cz\/wp-content\/uploads\/2025\/02\/Lacrosse-Miners-nabidka-pro-partnery-2025-724x1024.jpg\" alt=\"\" class=\"wp-image-127\" style=\"width:385px;height:auto\" srcset=\"https:\/\/lacrosseminers.cz\/wp-content\/uploads\/2025\/02\/Lacrosse-Miners-nabidka-pro-partnery-2025-724x1024.jpg 724w, https:\/\/lacrosseminers.cz\/wp-content\/uploads\/2025\/02\/Lacrosse-Miners-nabidka-pro-partnery-2025-212x300.jpg 212w, https:\/\/lacrosseminers.cz\/wp-content\/uploads\/2025\/02\/Lacrosse-Miners-nabidka-pro-partnery-2025-768x1086.jpg 768w, https:\/\/lacrosseminers.cz\/wp-content\/uploads\/2025\/02\/Lacrosse-Miners-nabidka-pro-partnery-2025-1086x1536.jpg 1086w, https:\/\/lacrosseminers.cz\/wp-content\/uploads\/2025\/02\/Lacrosse-Miners-nabidka-pro-partnery-2025.jpg 1414w\" sizes=\"auto, (max-width: 724px) 100vw, 724px\" \/><\/a><\/figure>\n","protected":false},"excerpt":{"rendered":"<p>V n\u00e1sleduj\u00edc\u00ed prezentaci bychom v\u00e1m r\u00e1di p\u0159edstavili n\u00e1\u0161 lakrosov\u00fd odd\u00edl, jak\u00e9 m\u00e1me pl\u00e1ny na tento rok a jak bychom s potenci\u00e1ln\u00edmi partnery mohli nav\u00e1zat spolupr\u00e1ci. V p\u0159\u00edpad\u011b dotaz\u016f n\u00e1s nev\u00e1hejte kontaktovat.<\/p>\n","protected":false},"author":2,"featured_media":0,"parent":0,"menu_order":0,"comment_status":"closed","ping_status":"closed","template":"","meta":{"footnotes":""},"class_list":["post-126","page","type-page","status-publish","hentry"],"_links":{"self":[{"href":"https:\/\/lacrosseminers.cz\/index.php\/wp-json\/wp\/v2\/pages\/126","targetHints":{"allow":["GET"]}}],"collection":[{"href":"https:\/\/lacrosseminers.cz\/index.php\/wp-json\/wp\/v2\/pages"}],"about":[{"href":"https:\/\/lacrosseminers.cz\/index.php\/wp-json\/wp\/v2\/types\/page"}],"author":[{"embeddable":true,"href":"https:\/\/lacrosseminers.cz\/index.php\/wp-json\/wp\/v2\/users\/2"}],"replies":[{"embeddable":true,"href":"https:\/\/lacrosseminers.cz\/index.php\/wp-json\/wp\/v2\/comments?post=126"}],"version-history":[{"count":2,"href":"https:\/\/lacrosseminers.cz\/index.php\/wp-json\/wp\/v2\/pages\/126\/revisions"}],"predecessor-version":[{"id":132,"href":"https:\/\/lacrosseminers.cz\/index.php\/wp-json\/wp\/v2\/pages\/126\/revisions\/132"}],"wp:attachment":[{"href":"https:\/\/lacrosseminers.cz\/index.php\/wp-json\/wp\/v2\/media?parent=126"}],"curies":[{"name":"wp","href":"https:\/\/api.w.org\/{rel}","templated":true}]}}